{"id":56,"date":"2020-03-03T20:10:09","date_gmt":"2020-03-03T20:10:09","guid":{"rendered":"http:\/\/localhost\/hostal\/?page_id=38"},"modified":"2020-10-26T23:04:25","modified_gmt":"2020-10-26T23:04:25","slug":"el-hotel","status":"publish","type":"page","link":"https:\/\/hostalsantafe.com.ar\/pt\/el-hotel\/","title":{"rendered":"Hotel"},"content":{"rendered":"<p>Localizado no cora\u00e7\u00e3o da cidade, o hotel combina comodidade e aconchego para que voc\u00ea se sinta \u00e0 vontade como em sua casa.<\/p>\n<p>Situado em uma das principais art\u00e9rias da cidade, em pleno Centro santafesino, o hotel conta com dez pisos onde se distribuem estrategicamente 70 c\u00f4modos quartos e 3 sal\u00f5es para eventos.<\/p>","protected":false},"excerpt":{"rendered":"<p>Localizado no cora\u00e7\u00e3o da cidade, o hotel combina comodidade e aconchego para que voc\u00ea se sinta \u00e0 vontade como em&nbsp;<\/p>\n","protected":false},"author":1,"featured_media":0,"parent":0,"menu_order":1,"comment_status":"closed","ping_status":"closed","template":"page-hotel.php","meta":{"_acf_changed":false,"_joinchat":[],"footnotes":""},"class_list":["post-56","page","type-page","status-publish","hentry"],"acf":[],"_links":{"self":[{"href":"https:\/\/hostalsantafe.com.ar\/pt\/wp-json\/wp\/v2\/pages\/56","targetHints":{"allow":["GET"]}}],"collection":[{"href":"https:\/\/hostalsantafe.com.ar\/pt\/wp-json\/wp\/v2\/pages"}],"about":[{"href":"https:\/\/hostalsantafe.com.ar\/pt\/wp-json\/wp\/v2\/types\/page"}],"author":[{"embeddable":true,"href":"https:\/\/hostalsantafe.com.ar\/pt\/wp-json\/wp\/v2\/users\/1"}],"replies":[{"embeddable":true,"href":"https:\/\/hostalsantafe.com.ar\/pt\/wp-json\/wp\/v2\/comments?post=56"}],"version-history":[{"count":8,"href":"https:\/\/hostalsantafe.com.ar\/pt\/wp-json\/wp\/v2\/pages\/56\/revisions"}],"predecessor-version":[{"id":254,"href":"https:\/\/hostalsantafe.com.ar\/pt\/wp-json\/wp\/v2\/pages\/56\/revisions\/254"}],"wp:attachment":[{"href":"https:\/\/hostalsantafe.com.ar\/pt\/wp-json\/wp\/v2\/media?parent=56"}],"curies":[{"name":"wp","href":"https:\/\/api.w.org\/{rel}","templated":true}]}}